{"id":66,"date":"2024-04-28T14:39:25","date_gmt":"2024-04-28T12:39:25","guid":{"rendered":"http:\/\/eva-andre.fr\/?page_id=66"},"modified":"2026-01-12T11:03:50","modified_gmt":"2026-01-12T10:03:50","slug":"conferences","status":"publish","type":"page","link":"https:\/\/eva-andre.fr\/index.php\/conferences\/","title":{"rendered":"Conf\u00e9rences"},"content":{"rendered":"\n<figure class=\"wp-block-image alignfull\"><img loading=\"lazy\" decoding=\"async\" width=\"1024\" height=\"682\" src=\"http:\/\/eva-andre.fr\/wp-content\/uploads\/2025\/10\/2025108-10ProgrammeEve1\u00a9EventPicture0780-1024x682.jpg\" alt=\"\" class=\"wp-image-359\" srcset=\"https:\/\/eva-andre.fr\/wp-content\/uploads\/2025\/10\/2025108-10ProgrammeEve1\u00a9EventPicture0780-1024x682.jpg 1024w, https:\/\/eva-andre.fr\/wp-content\/uploads\/2025\/10\/2025108-10ProgrammeEve1\u00a9EventPicture0780-300x200.jpg 300w, https:\/\/eva-andre.fr\/wp-content\/uploads\/2025\/10\/2025108-10ProgrammeEve1\u00a9EventPicture0780-768x511.jpg 768w, https:\/\/eva-andre.fr\/wp-content\/uploads\/2025\/10\/2025108-10ProgrammeEve1\u00a9EventPicture0780-1536x1023.jpg 1536w, https:\/\/eva-andre.fr\/wp-content\/uploads\/2025\/10\/2025108-10ProgrammeEve1\u00a9EventPicture0780-2048x1364.jpg 2048w, https:\/\/eva-andre.fr\/wp-content\/uploads\/2025\/10\/2025108-10ProgrammeEve1\u00a9EventPicture0780-1240x826.jpg 1240w, https:\/\/eva-andre.fr\/wp-content\/uploads\/2025\/10\/2025108-10ProgrammeEve1\u00a9EventPicture0780-508x338.jpg 508w\" sizes=\"auto, (max-width: 1024px) 100vw, 1024px\" \/><\/figure>\n\n\n\n<p class=\"has-text-align-center\">L&rsquo;apn\u00e9e profonde va bien au-del\u00e0 de la simple immersion sous-marine ; c&rsquo;est une exploration de soi, une qu\u00eate de ma\u00eetrise et de transcendance. Rigueur physique et mentale sont de mise.<\/p>\n\n\n\n<p class=\"has-text-align-center\">Se retrouver seule, \u00e0 plusieurs dizaines de m\u00e8tres sous la surface sans oxyg\u00e8ne est une exp\u00e9rience hors du commun. <\/p>\n\n\n\n<p class=\"has-text-align-center\">Il faut faire face \u00e0 ses peurs, et en amont planifier les param\u00e8tres de s\u00e9curit\u00e9, vitaux dans l\u2019exercice de cette discipline extr\u00eame.&nbsp;<\/p>\n\n\n\n<p class=\"has-text-align-center\">Je puise dans cette pratique des enseignements pratiques et philosophiques.<\/p>\n\n\n\n<p class=\"has-text-align-center\">En partant d\u2019une exp\u00e9rience hors du commun, j\u2019aborde des th\u00e9matiques universelles qui parlent, inspirent ou font simplement voyager dans les grandes profondeurs.&nbsp;<\/p>\n\n\n\n<p class=\"has-text-align-center\">Nous irons l\u00e0 o\u00f9 les abysses de l\u2019oc\u00e9an rencontrent celles de l\u2019esprit humain.&nbsp;<\/p>\n\n\n\n<p class=\"has-text-align-center\">Voici les th\u00e8mes que nous aborderons :&nbsp;<\/p>\n\n\n\n<p class=\"has-text-align-center\"><strong>Gestion du risque&nbsp;<\/strong><\/p>\n\n\n\n<p class=\"has-text-align-center\"><strong>Audace <\/strong><\/p>\n\n\n\n<p class=\"has-text-align-center\"><strong>Rendez-vous professionnels \u00e0 forts enjeux<\/strong><\/p>\n\n\n\n<p class=\"has-text-align-center\"><strong>Importance du collectif&nbsp;<\/strong><\/p>\n\n\n\n<p class=\"has-text-align-center\"><strong>Vocation et qu\u00eate de sens<\/strong><\/p>\n\n\n\n<p class=\"has-text-align-center\"><strong>Calme &amp; Respiration<\/strong><\/p>\n\n\n\n<figure class=\"wp-block-video\"><video height=\"1280\" style=\"aspect-ratio: 720 \/ 1280;\" width=\"720\" controls src=\"http:\/\/eva-andre.fr\/wp-content\/uploads\/2025\/10\/Eva-Andre-@evaandre__-nous-emporte-dans-son-univers-ses-paradoxes-et-son-sport-lapnee-pro.mp4\"><\/video><\/figure>\n\n\n\n<blockquote class=\"wp-block-quote is-layout-flow wp-block-quote-is-layout-flow\">\n<blockquote class=\"wp-block-quote is-layout-flow wp-block-quote-is-layout-flow\">\n<p class=\"has-text-align-center\">\u00ab\u00a0\u00c0 travers l\u2019exp\u00e9rience d\u2019Eva on se rend compte que les parall\u00e8les sont grands entre une pr\u00e9paration de plong\u00e9e et la vie professionnelle:<\/p>\n\n\n\n<p class=\"has-text-align-center\">Une cadre bien d\u00e9fini cr\u00e9e les conditions de la r\u00e9ussite.<\/p>\n\n\n\n<p class=\"has-text-align-center\">La confiance envers son \u00e9quipe et la d\u00e9l\u00e9gation sont indispensables dans les succ\u00e8s.\u00a0\u00bb<\/p>\n<cite>Mathieu Moulas, TBS Education <\/cite><\/blockquote>\n<\/blockquote>\n\n\n\n<figure class=\"wp-block-image size-large\"><img loading=\"lazy\" decoding=\"async\" width=\"1024\" height=\"683\" src=\"https:\/\/eva-andre.fr\/wp-content\/uploads\/2025\/12\/AVENTADAYS2025_riccardopontiggia-260-1024x683.jpg\" alt=\"\" class=\"wp-image-374\" srcset=\"https:\/\/eva-andre.fr\/wp-content\/uploads\/2025\/12\/AVENTADAYS2025_riccardopontiggia-260-1024x683.jpg 1024w, https:\/\/eva-andre.fr\/wp-content\/uploads\/2025\/12\/AVENTADAYS2025_riccardopontiggia-260-300x200.jpg 300w, https:\/\/eva-andre.fr\/wp-content\/uploads\/2025\/12\/AVENTADAYS2025_riccardopontiggia-260-768x512.jpg 768w, https:\/\/eva-andre.fr\/wp-content\/uploads\/2025\/12\/AVENTADAYS2025_riccardopontiggia-260-1536x1025.jpg 1536w, https:\/\/eva-andre.fr\/wp-content\/uploads\/2025\/12\/AVENTADAYS2025_riccardopontiggia-260-2048x1366.jpg 2048w, https:\/\/eva-andre.fr\/wp-content\/uploads\/2025\/12\/AVENTADAYS2025_riccardopontiggia-260-1240x827.jpg 1240w, https:\/\/eva-andre.fr\/wp-content\/uploads\/2025\/12\/AVENTADAYS2025_riccardopontiggia-260-508x339.jpg 508w\" sizes=\"auto, (max-width: 1024px) 100vw, 1024px\" \/><\/figure>\n\n\n\n<figure class=\"wp-block-image size-large is-resized\"><img loading=\"lazy\" decoding=\"async\" width=\"820\" height=\"1024\" src=\"http:\/\/eva-andre.fr\/wp-content\/uploads\/2024\/04\/6139B368-54A8-49D7-B38E-26D580E9E1E5-820x1024.jpg\" alt=\"\" class=\"wp-image-110\" style=\"width:840px;height:auto\" srcset=\"https:\/\/eva-andre.fr\/wp-content\/uploads\/2024\/04\/6139B368-54A8-49D7-B38E-26D580E9E1E5-820x1024.jpg 820w, https:\/\/eva-andre.fr\/wp-content\/uploads\/2024\/04\/6139B368-54A8-49D7-B38E-26D580E9E1E5-240x300.jpg 240w, https:\/\/eva-andre.fr\/wp-content\/uploads\/2024\/04\/6139B368-54A8-49D7-B38E-26D580E9E1E5-768x959.jpg 768w, https:\/\/eva-andre.fr\/wp-content\/uploads\/2024\/04\/6139B368-54A8-49D7-B38E-26D580E9E1E5-1229x1536.jpg 1229w, https:\/\/eva-andre.fr\/wp-content\/uploads\/2024\/04\/6139B368-54A8-49D7-B38E-26D580E9E1E5-1240x1549.jpg 1240w, https:\/\/eva-andre.fr\/wp-content\/uploads\/2024\/04\/6139B368-54A8-49D7-B38E-26D580E9E1E5-508x635.jpg 508w, https:\/\/eva-andre.fr\/wp-content\/uploads\/2024\/04\/6139B368-54A8-49D7-B38E-26D580E9E1E5.jpg 1440w\" sizes=\"auto, (max-width: 820px) 100vw, 820px\" \/><\/figure>\n\n\n\n<blockquote class=\"wp-block-quote is-layout-flow wp-block-quote-is-layout-flow\">\n<p>\u00ab\u00a0Her story left me feeling deeply grateful. \ud83d\ude4f<\/p>\n\n\n\n<p>Grateful for the intuition that has guided me in my career so far, even when it led me to make bold moves and leave parts of my life behind.\u00a0\u00bb<\/p>\n<cite>MArion le bihan, efmd global <\/cite><\/blockquote>\n\n\n\n<figure class=\"wp-block-image size-large\"><img loading=\"lazy\" decoding=\"async\" width=\"1024\" height=\"576\" src=\"https:\/\/eva-andre.fr\/wp-content\/uploads\/2026\/01\/Design-sans-titre-2-1024x576.jpg\" alt=\"\" class=\"wp-image-378\" srcset=\"https:\/\/eva-andre.fr\/wp-content\/uploads\/2026\/01\/Design-sans-titre-2-1024x576.jpg 1024w, https:\/\/eva-andre.fr\/wp-content\/uploads\/2026\/01\/Design-sans-titre-2-300x169.jpg 300w, https:\/\/eva-andre.fr\/wp-content\/uploads\/2026\/01\/Design-sans-titre-2-768x432.jpg 768w, https:\/\/eva-andre.fr\/wp-content\/uploads\/2026\/01\/Design-sans-titre-2-1536x864.jpg 1536w, https:\/\/eva-andre.fr\/wp-content\/uploads\/2026\/01\/Design-sans-titre-2-1240x698.jpg 1240w, https:\/\/eva-andre.fr\/wp-content\/uploads\/2026\/01\/Design-sans-titre-2-508x286.jpg 508w, https:\/\/eva-andre.fr\/wp-content\/uploads\/2026\/01\/Design-sans-titre-2.jpg 1920w\" sizes=\"auto, (max-width: 1024px) 100vw, 1024px\" \/><\/figure>\n\n\n\n<div class=\"wp-block-cover alignfull\" style=\"min-height:289px;aspect-ratio:unset;\"><img loading=\"lazy\" decoding=\"async\" width=\"2560\" height=\"1707\" class=\"wp-block-cover__image-background wp-image-162\" alt=\"\" src=\"http:\/\/eva-andre.fr\/wp-content\/uploads\/2024\/05\/2023-10-03-15-45-18-65-Eric-Barnabe-Photographie-R6-N@-scaled.jpg\" style=\"object-position:11% 82%\" data-object-fit=\"cover\" data-object-position=\"11% 82%\" srcset=\"https:\/\/eva-andre.fr\/wp-content\/uploads\/2024\/05\/2023-10-03-15-45-18-65-Eric-Barnabe-Photographie-R6-N@-scaled.jpg 2560w, https:\/\/eva-andre.fr\/wp-content\/uploads\/2024\/05\/2023-10-03-15-45-18-65-Eric-Barnabe-Photographie-R6-N@-300x200.jpg 300w, https:\/\/eva-andre.fr\/wp-content\/uploads\/2024\/05\/2023-10-03-15-45-18-65-Eric-Barnabe-Photographie-R6-N@-1024x683.jpg 1024w, https:\/\/eva-andre.fr\/wp-content\/uploads\/2024\/05\/2023-10-03-15-45-18-65-Eric-Barnabe-Photographie-R6-N@-768x512.jpg 768w, https:\/\/eva-andre.fr\/wp-content\/uploads\/2024\/05\/2023-10-03-15-45-18-65-Eric-Barnabe-Photographie-R6-N@-1536x1024.jpg 1536w, https:\/\/eva-andre.fr\/wp-content\/uploads\/2024\/05\/2023-10-03-15-45-18-65-Eric-Barnabe-Photographie-R6-N@-2048x1365.jpg 2048w, https:\/\/eva-andre.fr\/wp-content\/uploads\/2024\/05\/2023-10-03-15-45-18-65-Eric-Barnabe-Photographie-R6-N@-1240x827.jpg 1240w, https:\/\/eva-andre.fr\/wp-content\/uploads\/2024\/05\/2023-10-03-15-45-18-65-Eric-Barnabe-Photographie-R6-N@-508x339.jpg 508w\" sizes=\"auto, (max-width: 2560px) 100vw, 2560px\" \/><span aria-hidden=\"true\" class=\"wp-block-cover__background has-background-dim\" style=\"background-color:#1a2129\"><\/span><div class=\"wp-block-cover__inner-container is-layout-constrained wp-block-cover-is-layout-constrained\">\n<h4 class=\"wp-block-heading has-text-align-center\">Demandez votre devis <\/h4>\n\n\n\n<p class=\"has-text-align-center has-large-font-size\"><\/p>\n<\/div><\/div>\n\n\n<form action=\"https:\/\/eva-andre.fr\/index.php\/wp-json\/ws-form\/v1\/submit\" class=\"wsf-form wsf-form-canvas\" id=\"ws-form-1\" data-id=\"1\" data-instance-id=\"1\" method=\"POST\"><\/form>\n\n\n<div class=\"wp-block-cover alignfull\" style=\"min-height:199px;aspect-ratio:unset;\"><img loading=\"lazy\" decoding=\"async\" width=\"2000\" height=\"1198\" class=\"wp-block-cover__image-background wp-image-42\" alt=\"\" src=\"http:\/\/eva-andre.fr\/wp-content\/uploads\/2024\/04\/cropped-Capture-decran-2022-09-04-a-18.27.33-3.png\" style=\"object-position:42% 46%\" data-object-fit=\"cover\" data-object-position=\"42% 46%\" srcset=\"https:\/\/eva-andre.fr\/wp-content\/uploads\/2024\/04\/cropped-Capture-decran-2022-09-04-a-18.27.33-3.png 2000w, https:\/\/eva-andre.fr\/wp-content\/uploads\/2024\/04\/cropped-Capture-decran-2022-09-04-a-18.27.33-3-300x180.png 300w, https:\/\/eva-andre.fr\/wp-content\/uploads\/2024\/04\/cropped-Capture-decran-2022-09-04-a-18.27.33-3-1024x613.png 1024w, https:\/\/eva-andre.fr\/wp-content\/uploads\/2024\/04\/cropped-Capture-decran-2022-09-04-a-18.27.33-3-768x460.png 768w, https:\/\/eva-andre.fr\/wp-content\/uploads\/2024\/04\/cropped-Capture-decran-2022-09-04-a-18.27.33-3-1536x920.png 1536w\" sizes=\"auto, (max-width: 2000px) 100vw, 2000px\" \/><span aria-hidden=\"true\" class=\"wp-block-cover__background has-background-dim\" style=\"background-color:#4a545d\"><\/span><div class=\"wp-block-cover__inner-container is-layout-constrained wp-block-cover-is-layout-constrained\">\n<p class=\"has-text-align-center has-large-font-size\"><\/p>\n<\/div><\/div>\n\n\n\n<ul class=\"wp-block-social-links has-normal-icon-size has-icon-color has-icon-background-color is-layout-flex wp-block-social-links-is-layout-flex\"><li style=\"color:#555;background-color:#fff;\" class=\"wp-social-link wp-social-link-linkedin has-dark-gray-color has-white-background-color wp-block-social-link\"><a href=\"https:\/\/www.linkedin.com\/in\/eva-andr\u00e93297\/\" class=\"wp-block-social-link-anchor\"><svg width=\"24\" height=\"24\" viewBox=\"0 0 24 24\" version=\"1.1\" xmlns=\"http:\/\/www.w3.org\/2000\/svg\" aria-hidden=\"true\" focusable=\"false\"><path d=\"M19.7,3H4.3C3.582,3,3,3.582,3,4.3v15.4C3,20.418,3.582,21,4.3,21h15.4c0.718,0,1.3-0.582,1.3-1.3V4.3 C21,3.582,20.418,3,19.7,3z M8.339,18.338H5.667v-8.59h2.672V18.338z M7.004,8.574c-0.857,0-1.549-0.694-1.549-1.548 c0-0.855,0.691-1.548,1.549-1.548c0.854,0,1.547,0.694,1.547,1.548C8.551,7.881,7.858,8.574,7.004,8.574z M18.339,18.338h-2.669 v-4.177c0-0.996-0.017-2.278-1.387-2.278c-1.389,0-1.601,1.086-1.601,2.206v4.249h-2.667v-8.59h2.559v1.174h0.037 c0.356-0.675,1.227-1.387,2.526-1.387c2.703,0,3.203,1.779,3.203,4.092V18.338z\"><\/path><\/svg><span class=\"wp-block-social-link-label screen-reader-text\">LinkedIn<\/span><\/a><\/li>\n\n<li style=\"color:#555;background-color:#fff;\" class=\"wp-social-link wp-social-link-instagram has-dark-gray-color has-white-background-color wp-block-social-link\"><a href=\"https:\/\/www.instagram.com\/_evandre_\/?hl=fr\" class=\"wp-block-social-link-anchor\"><svg width=\"24\" height=\"24\" viewBox=\"0 0 24 24\" version=\"1.1\" xmlns=\"http:\/\/www.w3.org\/2000\/svg\" aria-hidden=\"true\" focusable=\"false\"><path d=\"M12,4.622c2.403,0,2.688,0.009,3.637,0.052c0.877,0.04,1.354,0.187,1.671,0.31c0.42,0.163,0.72,0.358,1.035,0.673 c0.315,0.315,0.51,0.615,0.673,1.035c0.123,0.317,0.27,0.794,0.31,1.671c0.043,0.949,0.052,1.234,0.052,3.637 s-0.009,2.688-0.052,3.637c-0.04,0.877-0.187,1.354-0.31,1.671c-0.163,0.42-0.358,0.72-0.673,1.035 c-0.315,0.315-0.615,0.51-1.035,0.673c-0.317,0.123-0.794,0.27-1.671,0.31c-0.949,0.043-1.233,0.052-3.637,0.052 s-2.688-0.009-3.637-0.052c-0.877-0.04-1.354-0.187-1.671-0.31c-0.42-0.163-0.72-0.358-1.035-0.673 c-0.315-0.315-0.51-0.615-0.673-1.035c-0.123-0.317-0.27-0.794-0.31-1.671C4.631,14.688,4.622,14.403,4.622,12 s0.009-2.688,0.052-3.637c0.04-0.877,0.187-1.354,0.31-1.671c0.163-0.42,0.358-0.72,0.673-1.035 c0.315-0.315,0.615-0.51,1.035-0.673c0.317-0.123,0.794-0.27,1.671-0.31C9.312,4.631,9.597,4.622,12,4.622 M12,3 C9.556,3,9.249,3.01,8.289,3.054C7.331,3.098,6.677,3.25,6.105,3.472C5.513,3.702,5.011,4.01,4.511,4.511 c-0.5,0.5-0.808,1.002-1.038,1.594C3.25,6.677,3.098,7.331,3.054,8.289C3.01,9.249,3,9.556,3,12c0,2.444,0.01,2.751,0.054,3.711 c0.044,0.958,0.196,1.612,0.418,2.185c0.23,0.592,0.538,1.094,1.038,1.594c0.5,0.5,1.002,0.808,1.594,1.038 c0.572,0.222,1.227,0.375,2.185,0.418C9.249,20.99,9.556,21,12,21s2.751-0.01,3.711-0.054c0.958-0.044,1.612-0.196,2.185-0.418 c0.592-0.23,1.094-0.538,1.594-1.038c0.5-0.5,0.808-1.002,1.038-1.594c0.222-0.572,0.375-1.227,0.418-2.185 C20.99,14.751,21,14.444,21,12s-0.01-2.751-0.054-3.711c-0.044-0.958-0.196-1.612-0.418-2.185c-0.23-0.592-0.538-1.094-1.038-1.594 c-0.5-0.5-1.002-0.808-1.594-1.038c-0.572-0.222-1.227-0.375-2.185-0.418C14.751,3.01,14.444,3,12,3L12,3z M12,7.378 c-2.552,0-4.622,2.069-4.622,4.622S9.448,16.622,12,16.622s4.622-2.069,4.622-4.622S14.552,7.378,12,7.378z M12,15 c-1.657,0-3-1.343-3-3s1.343-3,3-3s3,1.343,3,3S13.657,15,12,15z M16.804,6.116c-0.596,0-1.08,0.484-1.08,1.08 s0.484,1.08,1.08,1.08c0.596,0,1.08-0.484,1.08-1.08S17.401,6.116,16.804,6.116z\"><\/path><\/svg><span class=\"wp-block-social-link-label screen-reader-text\">Instagram<\/span><\/a><\/li>\n\n<li style=\"color:#555;background-color:#fff;\" class=\"wp-social-link wp-social-link-mail has-dark-gray-color has-white-background-color wp-block-social-link\"><a href=\"mailto:&#099;&#111;ntact&#064;&#101;&#118;&#097;-a&#110;d&#114;&#101;&#046;f&#114;\" class=\"wp-block-social-link-anchor\"><svg width=\"24\" height=\"24\" viewBox=\"0 0 24 24\" version=\"1.1\" xmlns=\"http:\/\/www.w3.org\/2000\/svg\" aria-hidden=\"true\" focusable=\"false\"><path d=\"M19,5H5c-1.1,0-2,.9-2,2v10c0,1.1.9,2,2,2h14c1.1,0,2-.9,2-2V7c0-1.1-.9-2-2-2zm.5,12c0,.3-.2.5-.5.5H5c-.3,0-.5-.2-.5-.5V9.8l7.5,5.6,7.5-5.6V17zm0-9.1L12,13.6,4.5,7.9V7c0-.3.2-.5.5-.5h14c.3,0,.5.2.5.5v.9z\"><\/path><\/svg><span class=\"wp-block-social-link-label screen-reader-text\">E-mail<\/span><\/a><\/li><\/ul>\n\n\n\n<p><\/p>\n","protected":false},"excerpt":{"rendered":"<p>L&rsquo;apn\u00e9e profonde va bien au-del\u00e0 de la simple immersion sous-marine ; c&rsquo;est une exploration de soi, une qu\u00eate de ma\u00eetrise et de transcendance. Rigueur physique et mentale sont de mise. Se retrouver seule, \u00e0 plusieurs dizaines de m\u00e8tres sous la surface sans oxyg\u00e8ne est une exp\u00e9rience hors du commun. Il faut faire face \u00e0 ses [&hellip;]<\/p>\n","protected":false},"author":1,"featured_media":0,"parent":0,"menu_order":0,"comment_status":"closed","ping_status":"closed","template":"","meta":{"footnotes":""},"class_list":["post-66","page","type-page","status-publish","hentry"],"_links":{"self":[{"href":"https:\/\/eva-andre.fr\/index.php\/wp-json\/wp\/v2\/pages\/66","targetHints":{"allow":["GET"]}}],"collection":[{"href":"https:\/\/eva-andre.fr\/index.php\/wp-json\/wp\/v2\/pages"}],"about":[{"href":"https:\/\/eva-andre.fr\/index.php\/wp-json\/wp\/v2\/types\/page"}],"author":[{"embeddable":true,"href":"https:\/\/eva-andre.fr\/index.php\/wp-json\/wp\/v2\/users\/1"}],"replies":[{"embeddable":true,"href":"https:\/\/eva-andre.fr\/index.php\/wp-json\/wp\/v2\/comments?post=66"}],"version-history":[{"count":36,"href":"https:\/\/eva-andre.fr\/index.php\/wp-json\/wp\/v2\/pages\/66\/revisions"}],"predecessor-version":[{"id":379,"href":"https:\/\/eva-andre.fr\/index.php\/wp-json\/wp\/v2\/pages\/66\/revisions\/379"}],"wp:attachment":[{"href":"https:\/\/eva-andre.fr\/index.php\/wp-json\/wp\/v2\/media?parent=66"}],"curies":[{"name":"wp","href":"https:\/\/api.w.org\/{rel}","templated":true}]}}