{"id":121,"date":"2024-04-28T17:48:40","date_gmt":"2024-04-28T15:48:40","guid":{"rendered":"http:\/\/eva-andre.fr\/?page_id=121"},"modified":"2025-09-30T10:19:39","modified_gmt":"2025-09-30T08:19:39","slug":"medias","status":"publish","type":"page","link":"https:\/\/eva-andre.fr\/index.php\/medias\/","title":{"rendered":"M\u00e9dias"},"content":{"rendered":"\n<figure class=\"wp-block-video alignfull\"><video height=\"576\" style=\"aspect-ratio: 1024 \/ 576;\" width=\"1024\" controls src=\"http:\/\/eva-andre.fr\/wp-content\/uploads\/2024\/04\/France-e.mp4\"><\/video><figcaption class=\"wp-element-caption\"><a href=\"https:\/\/www.france.tv\/france-2\/20h30-l-ete\/5039916-une-sirene-nommee-eva.html\">20h30 L&rsquo;\u00e9t\u00e9, pr\u00e9sent\u00e9 par L.Delahousse <\/a><\/figcaption><\/figure>\n\n\n\n<figure class=\"wp-block-image size-large is-resized\"><a href=\"https:\/\/www.france.tv\/france-2\/20h30-l-ete\/5039916-une-sirene-nommee-eva.html\"><img loading=\"lazy\" decoding=\"async\" width=\"1024\" height=\"578\" src=\"http:\/\/eva-andre.fr\/wp-content\/uploads\/2024\/04\/Capture-decran-2024-04-28-a-17.51.44-1024x578.png\" alt=\"\" class=\"wp-image-131\" style=\"width:840px;height:auto\" srcset=\"https:\/\/eva-andre.fr\/wp-content\/uploads\/2024\/04\/Capture-decran-2024-04-28-a-17.51.44-1024x578.png 1024w, https:\/\/eva-andre.fr\/wp-content\/uploads\/2024\/04\/Capture-decran-2024-04-28-a-17.51.44-300x169.png 300w, https:\/\/eva-andre.fr\/wp-content\/uploads\/2024\/04\/Capture-decran-2024-04-28-a-17.51.44-768x433.png 768w, https:\/\/eva-andre.fr\/wp-content\/uploads\/2024\/04\/Capture-decran-2024-04-28-a-17.51.44-1536x867.png 1536w, https:\/\/eva-andre.fr\/wp-content\/uploads\/2024\/04\/Capture-decran-2024-04-28-a-17.51.44-2048x1156.png 2048w, https:\/\/eva-andre.fr\/wp-content\/uploads\/2024\/04\/Capture-decran-2024-04-28-a-17.51.44-1240x700.png 1240w, https:\/\/eva-andre.fr\/wp-content\/uploads\/2024\/04\/Capture-decran-2024-04-28-a-17.51.44-508x287.png 508w\" sizes=\"auto, (max-width: 1024px) 100vw, 1024px\" \/><\/a><\/figure>\n\n\n\n<hr class=\"wp-block-separator has-alpha-channel-opacity\"\/>\n\n\n\n<figure class=\"wp-block-video\"><video height=\"1080\" style=\"aspect-ratio: 1920 \/ 1080;\" width=\"1920\" controls src=\"http:\/\/eva-andre.fr\/wp-content\/uploads\/2025\/03\/TEASER_EVA_ET_LES_REQUINS.mov\"><\/video><\/figure>\n\n\n\n<hr class=\"wp-block-separator has-alpha-channel-opacity\"\/>\n\n\n\n<figure class=\"wp-block-embed is-type-video is-provider-youtube wp-block-embed-youtube wp-embed-aspect-16-9 wp-has-aspect-ratio\"><div class=\"wp-block-embed__wrapper\">\n<iframe loading=\"lazy\" title=\"Eva Andr\u00e9, le nouvel espoir de l&#039;apn\u00e9e fran\u00e7aise\" width=\"600\" height=\"338\" src=\"https:\/\/www.youtube.com\/embed\/J3gOSJ8Cdx4?start=19&#038;feature=oembed\" frameborder=\"0\" allow=\"accelerometer; autoplay; clipboard-write; encrypted-media; gyroscope; picture-in-picture; web-share\" referrerpolicy=\"strict-origin-when-cross-origin\" allowfullscreen><\/iframe>\n<\/div><\/figure>\n\n\n\n<figure class=\"wp-block-embed is-type-video is-provider-youtube wp-block-embed-youtube wp-embed-aspect-16-9 wp-has-aspect-ratio\"><div class=\"wp-block-embed__wrapper\">\n<iframe loading=\"lazy\" title=\"De novice \u00e0 championne : l&#039;ascension fulgurante d&#039;Eva Andr\u00e9 en apn\u00e9e\" width=\"600\" height=\"338\" src=\"https:\/\/www.youtube.com\/embed\/Iq9e5_hTWv0?feature=oembed\" frameborder=\"0\" allow=\"accelerometer; autoplay; clipboard-write; encrypted-media; gyroscope; picture-in-picture; web-share\" referrerpolicy=\"strict-origin-when-cross-origin\" allowfullscreen><\/iframe>\n<\/div><\/figure>\n\n\n<div class=\"wp-block-image\">\n<figure class=\"aligncenter size-large\"><a href=\"https:\/\/www.lequipe.fr\/Adrenaline\/Apnee\/Actualites\/Eva-andre-a-la-recherche-de-la-lumiere\/1356814\"><img loading=\"lazy\" decoding=\"async\" width=\"880\" height=\"1024\" src=\"http:\/\/eva-andre.fr\/wp-content\/uploads\/2024\/04\/Capture-decran-2024-04-28-a-17.31.07-880x1024.png\" alt=\"\" class=\"wp-image-125\" srcset=\"https:\/\/eva-andre.fr\/wp-content\/uploads\/2024\/04\/Capture-decran-2024-04-28-a-17.31.07-880x1024.png 880w, https:\/\/eva-andre.fr\/wp-content\/uploads\/2024\/04\/Capture-decran-2024-04-28-a-17.31.07-258x300.png 258w, https:\/\/eva-andre.fr\/wp-content\/uploads\/2024\/04\/Capture-decran-2024-04-28-a-17.31.07-768x894.png 768w, https:\/\/eva-andre.fr\/wp-content\/uploads\/2024\/04\/Capture-decran-2024-04-28-a-17.31.07-1320x1536.png 1320w, https:\/\/eva-andre.fr\/wp-content\/uploads\/2024\/04\/Capture-decran-2024-04-28-a-17.31.07-1240x1443.png 1240w, https:\/\/eva-andre.fr\/wp-content\/uploads\/2024\/04\/Capture-decran-2024-04-28-a-17.31.07-508x591.png 508w, https:\/\/eva-andre.fr\/wp-content\/uploads\/2024\/04\/Capture-decran-2024-04-28-a-17.31.07.png 1344w\" sizes=\"auto, (max-width: 880px) 100vw, 880px\" \/><\/a><figcaption class=\"wp-element-caption\"><a href=\"https:\/\/www.lequipe.fr\/Adrenaline\/Apnee\/Actualites\/Eva-andre-a-la-recherche-de-la-lumiere\/1356814\">Article de l&rsquo;Equipe, 2022<\/a><\/figcaption><\/figure>\n<\/div>\n\n\n<figure class=\"wp-block-embed is-type-video is-provider-youtube wp-block-embed-youtube wp-embed-aspect-16-9 wp-has-aspect-ratio\"><div class=\"wp-block-embed__wrapper\">\n<iframe loading=\"lazy\" title=\"Eva Andr\u00e9, Ni\u00e7oise championne d&#039;apn\u00e9e, invit\u00e9e d&#039;Ici 19\/20 sur France 3 C\u00f4te d&#039;Azur\" width=\"600\" height=\"338\" src=\"https:\/\/www.youtube.com\/embed\/QU7w8hE26J0?feature=oembed\" frameborder=\"0\" allow=\"accelerometer; autoplay; clipboard-write; encrypted-media; gyroscope; picture-in-picture; web-share\" referrerpolicy=\"strict-origin-when-cross-origin\" allowfullscreen><\/iframe>\n<\/div><\/figure>\n","protected":false},"excerpt":{"rendered":"","protected":false},"author":1,"featured_media":0,"parent":0,"menu_order":0,"comment_status":"closed","ping_status":"closed","template":"","meta":{"footnotes":""},"class_list":["post-121","page","type-page","status-publish","hentry"],"_links":{"self":[{"href":"https:\/\/eva-andre.fr\/index.php\/wp-json\/wp\/v2\/pages\/121","targetHints":{"allow":["GET"]}}],"collection":[{"href":"https:\/\/eva-andre.fr\/index.php\/wp-json\/wp\/v2\/pages"}],"about":[{"href":"https:\/\/eva-andre.fr\/index.php\/wp-json\/wp\/v2\/types\/page"}],"author":[{"embeddable":true,"href":"https:\/\/eva-andre.fr\/index.php\/wp-json\/wp\/v2\/users\/1"}],"replies":[{"embeddable":true,"href":"https:\/\/eva-andre.fr\/index.php\/wp-json\/wp\/v2\/comments?post=121"}],"version-history":[{"count":13,"href":"https:\/\/eva-andre.fr\/index.php\/wp-json\/wp\/v2\/pages\/121\/revisions"}],"predecessor-version":[{"id":352,"href":"https:\/\/eva-andre.fr\/index.php\/wp-json\/wp\/v2\/pages\/121\/revisions\/352"}],"wp:attachment":[{"href":"https:\/\/eva-andre.fr\/index.php\/wp-json\/wp\/v2\/media?parent=121"}],"curies":[{"name":"wp","href":"https:\/\/api.w.org\/{rel}","templated":true}]}}